{"id":197,"date":"2025-04-22T15:02:16","date_gmt":"2025-04-22T13:02:16","guid":{"rendered":"https:\/\/de-silhouette.ms2.decms.eu\/maison-silhouette\/"},"modified":"2026-03-17T10:21:21","modified_gmt":"2026-03-17T09:21:21","slug":"maison-silhouette","status":"publish","type":"page","link":"https:\/\/www.hotel-silhouette-biarritz.com\/en\/maison-silhouette\/","title":{"rendered":"Maison Silhouette"},"content":{"rendered":"<p style=\"text-align: center\">Just a few footsteps away from the main hotel, Maison Silhouette includes 6 spacious high-tech suites with a lifestyle-oriented design. These suites are ideal for families and for guests planning a longer stay, offering both comfort and autonomy &#8211; perfect for those who wish to feel at home while enjoying the services of the hotel.<\/p>\n","protected":false},"excerpt":{"rendered":"<p>Just a few footsteps away from the main hotel, Maison Silhouette includes 6 spacious high-tech suites with a lifestyle-oriented design. These suites are ideal for families and for guests planning a longer stay, offering both comfort and autonomy &#8211; perfect for those who wish to feel at home while enjoying the services of the hotel.<\/p>\n","protected":false},"author":25,"featured_media":0,"parent":0,"menu_order":3,"comment_status":"closed","ping_status":"closed","template":"template-rooms.php","meta":{"footnotes":""},"yoast_head":"<!-- This site is optimized with the Yoast SEO plugin v22.3 - https:\/\/yoast.com\/wordpress\/plugins\/seo\/ -->\n<title>Hotel de charme \u00e0 Biarritz - Maison Silhouette | H\u00f4tel de Silhouette<\/title>\n<meta name=\"description\" content=\"Offrez-vous un s\u00e9jour unique dans un h\u00f4tel de charme \u00e0 Biarritz : Maison Silhouette, 6 chambres \u00e9l\u00e9gantes et ambiance intimiste \u00e0 50 m de l\u2019H\u00f4tel de Silhouette.\" \/>\n<meta name=\"robots\" content=\"index, follow, max-snippet:-1, max-image-preview:large, max-video-preview:-1\" \/>\n<link rel=\"canonical\" href=\"https:\/\/www.hotel-silhouette-biarritz.com\/en\/maison-silhouette\/\" \/>\n<meta property=\"og:locale\" content=\"en_US\" \/>\n<meta property=\"og:type\" content=\"article\" \/>\n<meta property=\"og:title\" content=\"Hotel de charme \u00e0 Biarritz - Maison Silhouette | H\u00f4tel de Silhouette\" \/>\n<meta property=\"og:description\" content=\"Offrez-vous un s\u00e9jour unique dans un h\u00f4tel de charme \u00e0 Biarritz : Maison Silhouette, 6 chambres \u00e9l\u00e9gantes et ambiance intimiste \u00e0 50 m de l\u2019H\u00f4tel de Silhouette.\" \/>\n<meta property=\"og:url\" content=\"https:\/\/www.hotel-silhouette-biarritz.com\/en\/maison-silhouette\/\" \/>\n<meta property=\"og:site_name\" content=\"Hotel de Silhouette Biarritz\" \/>\n<meta property=\"article:publisher\" content=\"https:\/\/www.facebook.com\/hoteldesilhouettebiarritz\/\" \/>\n<meta property=\"article:modified_time\" content=\"2026-03-17T09:21:21+00:00\" \/>\n<meta property=\"og:image\" content=\"https:\/\/www.hotel-silhouette-biarritz.com\/wp-content\/uploads\/sites\/216\/2025\/05\/chambre-superieur.jpg\" \/>\n\t<meta property=\"og:image:width\" content=\"2200\" \/>\n\t<meta property=\"og:image:height\" content=\"1477\" \/>\n\t<meta property=\"og:image:type\" content=\"image\/jpeg\" \/>\n<meta name=\"twitter:card\" content=\"summary_large_image\" \/>\n<meta name=\"twitter:label1\" content=\"Est. reading time\" \/>\n\t<meta name=\"twitter:data1\" content=\"1 minute\" \/>\n<script type=\"application\/ld+json\" class=\"yoast-schema-graph\">{\"@context\":\"https:\/\/schema.org\",\"@graph\":[{\"@type\":\"WebPage\",\"@id\":\"https:\/\/www.hotel-silhouette-biarritz.com\/en\/maison-silhouette\/\",\"url\":\"https:\/\/www.hotel-silhouette-biarritz.com\/en\/maison-silhouette\/\",\"name\":\"Hotel de charme \u00e0 Biarritz - Maison Silhouette | H\u00f4tel de Silhouette\",\"isPartOf\":{\"@id\":\"https:\/\/www.hotel-silhouette-biarritz.com\/en\/#website\"},\"datePublished\":\"2025-04-22T13:02:16+00:00\",\"dateModified\":\"2026-03-17T09:21:21+00:00\",\"description\":\"Offrez-vous un s\u00e9jour unique dans un h\u00f4tel de charme \u00e0 Biarritz : Maison Silhouette, 6 chambres \u00e9l\u00e9gantes et ambiance intimiste \u00e0 50 m de l\u2019H\u00f4tel de Silhouette.\",\"breadcrumb\":{\"@id\":\"https:\/\/www.hotel-silhouette-biarritz.com\/en\/maison-silhouette\/#breadcrumb\"},\"inLanguage\":\"en-US\",\"potentialAction\":[{\"@type\":\"ReadAction\",\"target\":[\"https:\/\/www.hotel-silhouette-biarritz.com\/en\/maison-silhouette\/\"]}]},{\"@type\":\"BreadcrumbList\",\"@id\":\"https:\/\/www.hotel-silhouette-biarritz.com\/en\/maison-silhouette\/#breadcrumb\",\"itemListElement\":[{\"@type\":\"ListItem\",\"position\":1,\"name\":\"Accueil\",\"item\":\"https:\/\/www.hotel-silhouette-biarritz.com\/en\/\"},{\"@type\":\"ListItem\",\"position\":2,\"name\":\"Maison Silhouette\"}]},{\"@type\":\"WebSite\",\"@id\":\"https:\/\/www.hotel-silhouette-biarritz.com\/en\/#website\",\"url\":\"https:\/\/www.hotel-silhouette-biarritz.com\/en\/\",\"name\":\"Hotel de Silhouette Biarritz\",\"description\":\"\",\"publisher\":{\"@id\":\"https:\/\/www.hotel-silhouette-biarritz.com\/en\/#organization\"},\"potentialAction\":[{\"@type\":\"SearchAction\",\"target\":{\"@type\":\"EntryPoint\",\"urlTemplate\":\"https:\/\/www.hotel-silhouette-biarritz.com\/en\/?s={search_term_string}\"},\"query-input\":\"required name=search_term_string\"}],\"inLanguage\":\"en-US\"},{\"@type\":\"Organization\",\"@id\":\"https:\/\/www.hotel-silhouette-biarritz.com\/en\/#organization\",\"name\":\"Hotel de Silhouette Biarritz\",\"url\":\"https:\/\/www.hotel-silhouette-biarritz.com\/en\/\",\"logo\":{\"@type\":\"ImageObject\",\"inLanguage\":\"en-US\",\"@id\":\"https:\/\/www.hotel-silhouette-biarritz.com\/en\/#\/schema\/logo\/image\/\",\"url\":\"https:\/\/www.hotel-silhouette-biarritz.com\/wp-content\/uploads\/sites\/216\/2025\/05\/LOGO-MENU-1.png\",\"contentUrl\":\"https:\/\/www.hotel-silhouette-biarritz.com\/wp-content\/uploads\/sites\/216\/2025\/05\/LOGO-MENU-1.png\",\"width\":1404,\"height\":1800,\"caption\":\"Hotel de Silhouette Biarritz\"},\"image\":{\"@id\":\"https:\/\/www.hotel-silhouette-biarritz.com\/en\/#\/schema\/logo\/image\/\"},\"sameAs\":[\"https:\/\/www.facebook.com\/hoteldesilhouettebiarritz\/\",\"https:\/\/www.instagram.com\/hoteldesilhouettebiarritz\/\"]}]}<\/script>\n<!-- \/ Yoast SEO plugin. -->","yoast_head_json":{"title":"Hotel de charme \u00e0 Biarritz - Maison Silhouette | H\u00f4tel de Silhouette","description":"Offrez-vous un s\u00e9jour unique dans un h\u00f4tel de charme \u00e0 Biarritz : Maison Silhouette, 6 chambres \u00e9l\u00e9gantes et ambiance intimiste \u00e0 50 m de l\u2019H\u00f4tel de Silhouette.","robots":{"index":"index","follow":"follow","max-snippet":"max-snippet:-1","max-image-preview":"max-image-preview:large","max-video-preview":"max-video-preview:-1"},"canonical":"https:\/\/www.hotel-silhouette-biarritz.com\/en\/maison-silhouette\/","og_locale":"en_US","og_type":"article","og_title":"Hotel de charme \u00e0 Biarritz - Maison Silhouette | H\u00f4tel de Silhouette","og_description":"Offrez-vous un s\u00e9jour unique dans un h\u00f4tel de charme \u00e0 Biarritz : Maison Silhouette, 6 chambres \u00e9l\u00e9gantes et ambiance intimiste \u00e0 50 m de l\u2019H\u00f4tel de Silhouette.","og_url":"https:\/\/www.hotel-silhouette-biarritz.com\/en\/maison-silhouette\/","og_site_name":"Hotel de Silhouette Biarritz","article_publisher":"https:\/\/www.facebook.com\/hoteldesilhouettebiarritz\/","article_modified_time":"2026-03-17T09:21:21+00:00","og_image":[{"width":2200,"height":1477,"url":"https:\/\/www.hotel-silhouette-biarritz.com\/wp-content\/uploads\/sites\/216\/2025\/05\/chambre-superieur.jpg","type":"image\/jpeg"}],"twitter_card":"summary_large_image","twitter_misc":{"Est. reading time":"1 minute"},"schema":{"@context":"https:\/\/schema.org","@graph":[{"@type":"WebPage","@id":"https:\/\/www.hotel-silhouette-biarritz.com\/en\/maison-silhouette\/","url":"https:\/\/www.hotel-silhouette-biarritz.com\/en\/maison-silhouette\/","name":"Hotel de charme \u00e0 Biarritz - Maison Silhouette | H\u00f4tel de Silhouette","isPartOf":{"@id":"https:\/\/www.hotel-silhouette-biarritz.com\/en\/#website"},"datePublished":"2025-04-22T13:02:16+00:00","dateModified":"2026-03-17T09:21:21+00:00","description":"Offrez-vous un s\u00e9jour unique dans un h\u00f4tel de charme \u00e0 Biarritz : Maison Silhouette, 6 chambres \u00e9l\u00e9gantes et ambiance intimiste \u00e0 50 m de l\u2019H\u00f4tel de Silhouette.","breadcrumb":{"@id":"https:\/\/www.hotel-silhouette-biarritz.com\/en\/maison-silhouette\/#breadcrumb"},"inLanguage":"en-US","potentialAction":[{"@type":"ReadAction","target":["https:\/\/www.hotel-silhouette-biarritz.com\/en\/maison-silhouette\/"]}]},{"@type":"BreadcrumbList","@id":"https:\/\/www.hotel-silhouette-biarritz.com\/en\/maison-silhouette\/#breadcrumb","itemListElement":[{"@type":"ListItem","position":1,"name":"Accueil","item":"https:\/\/www.hotel-silhouette-biarritz.com\/en\/"},{"@type":"ListItem","position":2,"name":"Maison Silhouette"}]},{"@type":"WebSite","@id":"https:\/\/www.hotel-silhouette-biarritz.com\/en\/#website","url":"https:\/\/www.hotel-silhouette-biarritz.com\/en\/","name":"Hotel de Silhouette Biarritz","description":"","publisher":{"@id":"https:\/\/www.hotel-silhouette-biarritz.com\/en\/#organization"},"potentialAction":[{"@type":"SearchAction","target":{"@type":"EntryPoint","urlTemplate":"https:\/\/www.hotel-silhouette-biarritz.com\/en\/?s={search_term_string}"},"query-input":"required name=search_term_string"}],"inLanguage":"en-US"},{"@type":"Organization","@id":"https:\/\/www.hotel-silhouette-biarritz.com\/en\/#organization","name":"Hotel de Silhouette Biarritz","url":"https:\/\/www.hotel-silhouette-biarritz.com\/en\/","logo":{"@type":"ImageObject","inLanguage":"en-US","@id":"https:\/\/www.hotel-silhouette-biarritz.com\/en\/#\/schema\/logo\/image\/","url":"https:\/\/www.hotel-silhouette-biarritz.com\/wp-content\/uploads\/sites\/216\/2025\/05\/LOGO-MENU-1.png","contentUrl":"https:\/\/www.hotel-silhouette-biarritz.com\/wp-content\/uploads\/sites\/216\/2025\/05\/LOGO-MENU-1.png","width":1404,"height":1800,"caption":"Hotel de Silhouette Biarritz"},"image":{"@id":"https:\/\/www.hotel-silhouette-biarritz.com\/en\/#\/schema\/logo\/image\/"},"sameAs":["https:\/\/www.facebook.com\/hoteldesilhouettebiarritz\/","https:\/\/www.instagram.com\/hoteldesilhouettebiarritz\/"]}]}},"acf":[],"_links":{"self":[{"href":"https:\/\/www.hotel-silhouette-biarritz.com\/en\/wp-json\/wp\/v2\/pages\/197"}],"collection":[{"href":"https:\/\/www.hotel-silhouette-biarritz.com\/en\/wp-json\/wp\/v2\/pages"}],"about":[{"href":"https:\/\/www.hotel-silhouette-biarritz.com\/en\/wp-json\/wp\/v2\/types\/page"}],"author":[{"embeddable":true,"href":"https:\/\/www.hotel-silhouette-biarritz.com\/en\/wp-json\/wp\/v2\/users\/25"}],"replies":[{"embeddable":true,"href":"https:\/\/www.hotel-silhouette-biarritz.com\/en\/wp-json\/wp\/v2\/comments?post=197"}],"version-history":[{"count":0,"href":"https:\/\/www.hotel-silhouette-biarritz.com\/en\/wp-json\/wp\/v2\/pages\/197\/revisions"}],"wp:attachment":[{"href":"https:\/\/www.hotel-silhouette-biarritz.com\/en\/wp-json\/wp\/v2\/media?parent=197"}],"curies":[{"name":"wp","href":"https:\/\/api.w.org\/{rel}","templated":true}]}}