{"id":209,"date":"2025-02-19T13:01:48","date_gmt":"2025-02-19T12:01:48","guid":{"rendered":"https:\/\/de-silhouette.ms2.decms.eu\/maison-silhouette\/suites-maison-silhouette\/"},"modified":"2025-06-10T17:05:32","modified_gmt":"2025-06-10T15:05:32","slug":"suites-maison-silhouette","status":"publish","type":"page","link":"https:\/\/www.hotel-silhouette-biarritz.com\/en\/maison-silhouette\/suites-maison-silhouette\/","title":{"rendered":"Suites \u2013 Maison Silhouette"},"content":{"rendered":"<p style=\"text-align: center;\">These Suites are in the Maison Silhouette, just 70 meters from our main building. Situated on the 1st and 2nd floors, they offer stunning city views. Enjoy an i-tech lounge area designed for ultimate comfort.<\/p>\n<p style=\"text-align: center;\">Suite Maison Silhouette \u2013 40\u201345 m\u00b2 | Up to 4 guests<\/p>\n<p style=\"text-align: center;\">\u00a0This Suite can also be connected to another Suite, providing even more flexibility for your stay.<\/p>\n","protected":false},"excerpt":{"rendered":"<p>These Suites are in the Maison Silhouette, just 70 meters from our main building. Situated on the 1st and 2nd floors, they offer stunning city views. Enjoy an i-tech lounge area designed for ultimate comfort. Suite Maison Silhouette \u2013 40\u201345 m\u00b2 | Up to 4 guests \u00a0This Suite can also be connected to another Suite, [&hellip;]<\/p>\n","protected":false},"author":25,"featured_media":0,"parent":197,"menu_order":3,"comment_status":"closed","ping_status":"closed","template":"template-single-room.php","meta":{"footnotes":""},"class_list":["post-209","page","type-page","status-publish","hentry"],"yoast_head":"<!-- This site is optimized with the Yoast SEO plugin v27.3 - https:\/\/yoast.com\/product\/yoast-seo-wordpress\/ -->\n<title>Suites familiales \u00e0 Biarritz \u2013 Maison Silhouette | H\u00f4tel de Silhouette<\/title>\n<meta name=\"description\" content=\"S\u00e9journez dans un h\u00f4tel avec chambre familiale \u00e0 Biarritz. \u00c0 50 m de l\u2019h\u00f4tel, la Maison Silhouette propose trois suites spacieuses pour un s\u00e9jour convivial.\" \/>\n<meta name=\"robots\" content=\"index, follow, max-snippet:-1, max-image-preview:large, max-video-preview:-1\" \/>\n<link rel=\"canonical\" href=\"https:\/\/www.hotel-silhouette-biarritz.com\/en\/maison-silhouette\/suites-maison-silhouette\/\" \/>\n<meta property=\"og:locale\" content=\"en_US\" \/>\n<meta property=\"og:type\" content=\"article\" \/>\n<meta property=\"og:title\" content=\"Suites familiales \u00e0 Biarritz \u2013 Maison Silhouette | H\u00f4tel de Silhouette\" \/>\n<meta property=\"og:description\" content=\"S\u00e9journez dans un h\u00f4tel avec chambre familiale \u00e0 Biarritz. \u00c0 50 m de l\u2019h\u00f4tel, la Maison Silhouette propose trois suites spacieuses pour un s\u00e9jour convivial.\" \/>\n<meta property=\"og:url\" content=\"https:\/\/www.hotel-silhouette-biarritz.com\/en\/maison-silhouette\/suites-maison-silhouette\/\" \/>\n<meta property=\"og:site_name\" content=\"Hotel de Silhouette Biarritz\" \/>\n<meta property=\"article:publisher\" content=\"https:\/\/www.facebook.com\/hoteldesilhouettebiarritz\/\" \/>\n<meta property=\"article:modified_time\" content=\"2025-06-10T15:05:32+00:00\" \/>\n<meta property=\"og:image\" content=\"https:\/\/www.hotel-silhouette-biarritz.com\/wp-content\/uploads\/sites\/216\/2025\/05\/chambre-superieur.jpg\" \/>\n\t<meta property=\"og:image:width\" content=\"2200\" \/>\n\t<meta property=\"og:image:height\" content=\"1477\" \/>\n\t<meta property=\"og:image:type\" content=\"image\/jpeg\" \/>\n<meta name=\"twitter:card\" content=\"summary_large_image\" \/>\n<meta name=\"twitter:label1\" content=\"Est. reading time\" \/>\n\t<meta name=\"twitter:data1\" content=\"1 minute\" \/>\n<script type=\"application\/ld+json\" class=\"yoast-schema-graph\">{\"@context\":\"https:\\\/\\\/schema.org\",\"@graph\":[{\"@type\":\"WebPage\",\"@id\":\"https:\\\/\\\/www.hotel-silhouette-biarritz.com\\\/en\\\/maison-silhouette\\\/suites-maison-silhouette\\\/\",\"url\":\"https:\\\/\\\/www.hotel-silhouette-biarritz.com\\\/en\\\/maison-silhouette\\\/suites-maison-silhouette\\\/\",\"name\":\"Suites familiales \u00e0 Biarritz \u2013 Maison Silhouette | H\u00f4tel de Silhouette\",\"isPartOf\":{\"@id\":\"https:\\\/\\\/www.hotel-silhouette-biarritz.com\\\/en\\\/#website\"},\"datePublished\":\"2025-02-19T12:01:48+00:00\",\"dateModified\":\"2025-06-10T15:05:32+00:00\",\"description\":\"S\u00e9journez dans un h\u00f4tel avec chambre familiale \u00e0 Biarritz. \u00c0 50 m de l\u2019h\u00f4tel, la Maison Silhouette propose trois suites spacieuses pour un s\u00e9jour convivial.\",\"breadcrumb\":{\"@id\":\"https:\\\/\\\/www.hotel-silhouette-biarritz.com\\\/en\\\/maison-silhouette\\\/suites-maison-silhouette\\\/#breadcrumb\"},\"inLanguage\":\"en-US\",\"potentialAction\":[{\"@type\":\"ReadAction\",\"target\":[\"https:\\\/\\\/www.hotel-silhouette-biarritz.com\\\/en\\\/maison-silhouette\\\/suites-maison-silhouette\\\/\"]}]},{\"@type\":\"BreadcrumbList\",\"@id\":\"https:\\\/\\\/www.hotel-silhouette-biarritz.com\\\/en\\\/maison-silhouette\\\/suites-maison-silhouette\\\/#breadcrumb\",\"itemListElement\":[{\"@type\":\"ListItem\",\"position\":1,\"name\":\"Accueil\",\"item\":\"https:\\\/\\\/www.hotel-silhouette-biarritz.com\\\/en\\\/\"},{\"@type\":\"ListItem\",\"position\":2,\"name\":\"Maison Silhouette\",\"item\":\"https:\\\/\\\/www.hotel-silhouette-biarritz.com\\\/en\\\/maison-silhouette\\\/\"},{\"@type\":\"ListItem\",\"position\":3,\"name\":\"Suites \u2013 Maison Silhouette\"}]},{\"@type\":\"WebSite\",\"@id\":\"https:\\\/\\\/www.hotel-silhouette-biarritz.com\\\/en\\\/#website\",\"url\":\"https:\\\/\\\/www.hotel-silhouette-biarritz.com\\\/en\\\/\",\"name\":\"Hotel de Silhouette Biarritz\",\"description\":\"\",\"publisher\":{\"@id\":\"https:\\\/\\\/www.hotel-silhouette-biarritz.com\\\/en\\\/#organization\"},\"potentialAction\":[{\"@type\":\"SearchAction\",\"target\":{\"@type\":\"EntryPoint\",\"urlTemplate\":\"https:\\\/\\\/www.hotel-silhouette-biarritz.com\\\/en\\\/?s={search_term_string}\"},\"query-input\":{\"@type\":\"PropertyValueSpecification\",\"valueRequired\":true,\"valueName\":\"search_term_string\"}}],\"inLanguage\":\"en-US\"},{\"@type\":\"Organization\",\"@id\":\"https:\\\/\\\/www.hotel-silhouette-biarritz.com\\\/en\\\/#organization\",\"name\":\"Hotel de Silhouette Biarritz\",\"url\":\"https:\\\/\\\/www.hotel-silhouette-biarritz.com\\\/en\\\/\",\"logo\":{\"@type\":\"ImageObject\",\"inLanguage\":\"en-US\",\"@id\":\"https:\\\/\\\/www.hotel-silhouette-biarritz.com\\\/en\\\/#\\\/schema\\\/logo\\\/image\\\/\",\"url\":\"https:\\\/\\\/www.hotel-silhouette-biarritz.com\\\/wp-content\\\/uploads\\\/sites\\\/216\\\/2025\\\/05\\\/LOGO-MENU-1.png\",\"contentUrl\":\"https:\\\/\\\/www.hotel-silhouette-biarritz.com\\\/wp-content\\\/uploads\\\/sites\\\/216\\\/2025\\\/05\\\/LOGO-MENU-1.png\",\"width\":1404,\"height\":1800,\"caption\":\"Hotel de Silhouette Biarritz\"},\"image\":{\"@id\":\"https:\\\/\\\/www.hotel-silhouette-biarritz.com\\\/en\\\/#\\\/schema\\\/logo\\\/image\\\/\"},\"sameAs\":[\"https:\\\/\\\/www.facebook.com\\\/hoteldesilhouettebiarritz\\\/\",\"https:\\\/\\\/www.instagram.com\\\/hoteldesilhouettebiarritz\\\/\"]}]}<\/script>\n<!-- \/ Yoast SEO plugin. -->","yoast_head_json":{"title":"Suites familiales \u00e0 Biarritz \u2013 Maison Silhouette | H\u00f4tel de Silhouette","description":"S\u00e9journez dans un h\u00f4tel avec chambre familiale \u00e0 Biarritz. \u00c0 50 m de l\u2019h\u00f4tel, la Maison Silhouette propose trois suites spacieuses pour un s\u00e9jour convivial.","robots":{"index":"index","follow":"follow","max-snippet":"max-snippet:-1","max-image-preview":"max-image-preview:large","max-video-preview":"max-video-preview:-1"},"canonical":"https:\/\/www.hotel-silhouette-biarritz.com\/en\/maison-silhouette\/suites-maison-silhouette\/","og_locale":"en_US","og_type":"article","og_title":"Suites familiales \u00e0 Biarritz \u2013 Maison Silhouette | H\u00f4tel de Silhouette","og_description":"S\u00e9journez dans un h\u00f4tel avec chambre familiale \u00e0 Biarritz. \u00c0 50 m de l\u2019h\u00f4tel, la Maison Silhouette propose trois suites spacieuses pour un s\u00e9jour convivial.","og_url":"https:\/\/www.hotel-silhouette-biarritz.com\/en\/maison-silhouette\/suites-maison-silhouette\/","og_site_name":"Hotel de Silhouette Biarritz","article_publisher":"https:\/\/www.facebook.com\/hoteldesilhouettebiarritz\/","article_modified_time":"2025-06-10T15:05:32+00:00","og_image":[{"width":2200,"height":1477,"url":"https:\/\/www.hotel-silhouette-biarritz.com\/wp-content\/uploads\/sites\/216\/2025\/05\/chambre-superieur.jpg","type":"image\/jpeg"}],"twitter_card":"summary_large_image","twitter_misc":{"Est. reading time":"1 minute"},"schema":{"@context":"https:\/\/schema.org","@graph":[{"@type":"WebPage","@id":"https:\/\/www.hotel-silhouette-biarritz.com\/en\/maison-silhouette\/suites-maison-silhouette\/","url":"https:\/\/www.hotel-silhouette-biarritz.com\/en\/maison-silhouette\/suites-maison-silhouette\/","name":"Suites familiales \u00e0 Biarritz \u2013 Maison Silhouette | H\u00f4tel de Silhouette","isPartOf":{"@id":"https:\/\/www.hotel-silhouette-biarritz.com\/en\/#website"},"datePublished":"2025-02-19T12:01:48+00:00","dateModified":"2025-06-10T15:05:32+00:00","description":"S\u00e9journez dans un h\u00f4tel avec chambre familiale \u00e0 Biarritz. \u00c0 50 m de l\u2019h\u00f4tel, la Maison Silhouette propose trois suites spacieuses pour un s\u00e9jour convivial.","breadcrumb":{"@id":"https:\/\/www.hotel-silhouette-biarritz.com\/en\/maison-silhouette\/suites-maison-silhouette\/#breadcrumb"},"inLanguage":"en-US","potentialAction":[{"@type":"ReadAction","target":["https:\/\/www.hotel-silhouette-biarritz.com\/en\/maison-silhouette\/suites-maison-silhouette\/"]}]},{"@type":"BreadcrumbList","@id":"https:\/\/www.hotel-silhouette-biarritz.com\/en\/maison-silhouette\/suites-maison-silhouette\/#breadcrumb","itemListElement":[{"@type":"ListItem","position":1,"name":"Accueil","item":"https:\/\/www.hotel-silhouette-biarritz.com\/en\/"},{"@type":"ListItem","position":2,"name":"Maison Silhouette","item":"https:\/\/www.hotel-silhouette-biarritz.com\/en\/maison-silhouette\/"},{"@type":"ListItem","position":3,"name":"Suites \u2013 Maison Silhouette"}]},{"@type":"WebSite","@id":"https:\/\/www.hotel-silhouette-biarritz.com\/en\/#website","url":"https:\/\/www.hotel-silhouette-biarritz.com\/en\/","name":"Hotel de Silhouette Biarritz","description":"","publisher":{"@id":"https:\/\/www.hotel-silhouette-biarritz.com\/en\/#organization"},"potentialAction":[{"@type":"SearchAction","target":{"@type":"EntryPoint","urlTemplate":"https:\/\/www.hotel-silhouette-biarritz.com\/en\/?s={search_term_string}"},"query-input":{"@type":"PropertyValueSpecification","valueRequired":true,"valueName":"search_term_string"}}],"inLanguage":"en-US"},{"@type":"Organization","@id":"https:\/\/www.hotel-silhouette-biarritz.com\/en\/#organization","name":"Hotel de Silhouette Biarritz","url":"https:\/\/www.hotel-silhouette-biarritz.com\/en\/","logo":{"@type":"ImageObject","inLanguage":"en-US","@id":"https:\/\/www.hotel-silhouette-biarritz.com\/en\/#\/schema\/logo\/image\/","url":"https:\/\/www.hotel-silhouette-biarritz.com\/wp-content\/uploads\/sites\/216\/2025\/05\/LOGO-MENU-1.png","contentUrl":"https:\/\/www.hotel-silhouette-biarritz.com\/wp-content\/uploads\/sites\/216\/2025\/05\/LOGO-MENU-1.png","width":1404,"height":1800,"caption":"Hotel de Silhouette Biarritz"},"image":{"@id":"https:\/\/www.hotel-silhouette-biarritz.com\/en\/#\/schema\/logo\/image\/"},"sameAs":["https:\/\/www.facebook.com\/hoteldesilhouettebiarritz\/","https:\/\/www.instagram.com\/hoteldesilhouettebiarritz\/"]}]}},"acf":[],"_links":{"self":[{"href":"https:\/\/www.hotel-silhouette-biarritz.com\/en\/wp-json\/wp\/v2\/pages\/209","targetHints":{"allow":["GET"]}}],"collection":[{"href":"https:\/\/www.hotel-silhouette-biarritz.com\/en\/wp-json\/wp\/v2\/pages"}],"about":[{"href":"https:\/\/www.hotel-silhouette-biarritz.com\/en\/wp-json\/wp\/v2\/types\/page"}],"author":[{"embeddable":true,"href":"https:\/\/www.hotel-silhouette-biarritz.com\/en\/wp-json\/wp\/v2\/users\/25"}],"replies":[{"embeddable":true,"href":"https:\/\/www.hotel-silhouette-biarritz.com\/en\/wp-json\/wp\/v2\/comments?post=209"}],"version-history":[{"count":0,"href":"https:\/\/www.hotel-silhouette-biarritz.com\/en\/wp-json\/wp\/v2\/pages\/209\/revisions"}],"up":[{"embeddable":true,"href":"https:\/\/www.hotel-silhouette-biarritz.com\/en\/wp-json\/wp\/v2\/pages\/197"}],"wp:attachment":[{"href":"https:\/\/www.hotel-silhouette-biarritz.com\/en\/wp-json\/wp\/v2\/media?parent=209"}],"curies":[{"name":"wp","href":"https:\/\/api.w.org\/{rel}","templated":true}]}}