{"id":187,"date":"2025-02-12T12:45:54","date_gmt":"2025-02-12T11:45:54","guid":{"rendered":"https:\/\/de-silhouette.ms2.decms.eu\/chambres-suites\/chambre-double-deluxe\/"},"modified":"2025-06-13T17:29:23","modified_gmt":"2025-06-13T15:29:23","slug":"habitacion-deluxe","status":"publish","type":"page","link":"https:\/\/www.hotel-silhouette-biarritz.com\/es\/habitaciones-y-suites\/habitacion-deluxe\/","title":{"rendered":"Habitaci\u00f3n Deluxe"},"content":{"rendered":"<p style=\"text-align: center;\">Ambiente acogedor y refinado, la habitaci\u00f3n Deluxe es una habitaci\u00f3n de excepci\u00f3n orientada a nuestro jard\u00edn con una vista al mar para las habitaciones ubicadas en los pisos, asegurando una tranquilidad absoluta. Un espacio de descanso y trabajo pensado para su mayor comodidad. Se compone de una cama doble o 2 camas individuales y un sof\u00e1 cama en algunas. En familia o con su pareja, encantar\u00e1 todas sus estancias.<br \/>\nHabitaci\u00f3n Deluxe de 30-40m2 &#8211; 3 pers m\u00e1x.<\/p>\n","protected":false},"excerpt":{"rendered":"<p>Ambiente acogedor y refinado, la habitaci\u00f3n Deluxe es una habitaci\u00f3n de excepci\u00f3n orientada a nuestro jard\u00edn con una vista al mar para las habitaciones ubicadas en los pisos, asegurando una tranquilidad absoluta. Un espacio de descanso y trabajo pensado para su mayor comodidad. Se compone de una cama doble o 2 camas individuales y un [&hellip;]<\/p>\n","protected":false},"author":25,"featured_media":0,"parent":181,"menu_order":1,"comment_status":"closed","ping_status":"closed","template":"template-single-room.php","meta":{"footnotes":""},"class_list":["post-187","page","type-page","status-publish","hentry"],"yoast_head":"<!-- This site is optimized with the Yoast SEO plugin v27.3 - https:\/\/yoast.com\/product\/yoast-seo-wordpress\/ -->\n<title>Chambre d&#039;h\u00f4tel avec vue mer Biarritz | H\u00f4tel de Silhouette<\/title>\n<meta name=\"description\" content=\"Profitez d\u2019une chambre Deluxe avec vue mer \u00e0 Biarritz, s\u00e9journez dans un cadre chaleureux et une atmosph\u00e8re intimiste pour un s\u00e9jour d&#039;exception dans le centre.\" \/>\n<meta name=\"robots\" content=\"index, follow, max-snippet:-1, max-image-preview:large, max-video-preview:-1\" \/>\n<link rel=\"canonical\" href=\"https:\/\/www.hotel-silhouette-biarritz.com\/es\/habitaciones-y-suites\/habitacion-deluxe\/\" \/>\n<meta property=\"og:locale\" content=\"es_ES\" \/>\n<meta property=\"og:type\" content=\"article\" \/>\n<meta property=\"og:title\" content=\"Chambre d&#039;h\u00f4tel avec vue mer Biarritz | H\u00f4tel de Silhouette\" \/>\n<meta property=\"og:description\" content=\"Profitez d\u2019une chambre Deluxe avec vue mer \u00e0 Biarritz, s\u00e9journez dans un cadre chaleureux et une atmosph\u00e8re intimiste pour un s\u00e9jour d&#039;exception dans le centre.\" \/>\n<meta property=\"og:url\" content=\"https:\/\/www.hotel-silhouette-biarritz.com\/es\/habitaciones-y-suites\/habitacion-deluxe\/\" \/>\n<meta property=\"og:site_name\" content=\"Hotel de Silhouette Biarritz\" \/>\n<meta property=\"article:publisher\" content=\"https:\/\/www.facebook.com\/hoteldesilhouettebiarritz\/\" \/>\n<meta property=\"article:modified_time\" content=\"2025-06-13T15:29:23+00:00\" \/>\n<meta property=\"og:image\" content=\"https:\/\/www.hotel-silhouette-biarritz.com\/wp-content\/uploads\/sites\/216\/2025\/05\/chambre-superieur.jpg\" \/>\n\t<meta property=\"og:image:width\" content=\"2200\" \/>\n\t<meta property=\"og:image:height\" content=\"1477\" \/>\n\t<meta property=\"og:image:type\" content=\"image\/jpeg\" \/>\n<meta name=\"twitter:card\" content=\"summary_large_image\" \/>\n<meta name=\"twitter:label1\" content=\"Tiempo de lectura\" \/>\n\t<meta name=\"twitter:data1\" content=\"1 minuto\" \/>\n<script type=\"application\/ld+json\" class=\"yoast-schema-graph\">{\"@context\":\"https:\\\/\\\/schema.org\",\"@graph\":[{\"@type\":\"WebPage\",\"@id\":\"https:\\\/\\\/www.hotel-silhouette-biarritz.com\\\/es\\\/habitaciones-y-suites\\\/habitacion-deluxe\\\/\",\"url\":\"https:\\\/\\\/www.hotel-silhouette-biarritz.com\\\/es\\\/habitaciones-y-suites\\\/habitacion-deluxe\\\/\",\"name\":\"Chambre d'h\u00f4tel avec vue mer Biarritz | H\u00f4tel de Silhouette\",\"isPartOf\":{\"@id\":\"https:\\\/\\\/www.hotel-silhouette-biarritz.com\\\/es\\\/#website\"},\"datePublished\":\"2025-02-12T11:45:54+00:00\",\"dateModified\":\"2025-06-13T15:29:23+00:00\",\"description\":\"Profitez d\u2019une chambre Deluxe avec vue mer \u00e0 Biarritz, s\u00e9journez dans un cadre chaleureux et une atmosph\u00e8re intimiste pour un s\u00e9jour d'exception dans le centre.\",\"breadcrumb\":{\"@id\":\"https:\\\/\\\/www.hotel-silhouette-biarritz.com\\\/es\\\/habitaciones-y-suites\\\/habitacion-deluxe\\\/#breadcrumb\"},\"inLanguage\":\"es\",\"potentialAction\":[{\"@type\":\"ReadAction\",\"target\":[\"https:\\\/\\\/www.hotel-silhouette-biarritz.com\\\/es\\\/habitaciones-y-suites\\\/habitacion-deluxe\\\/\"]}]},{\"@type\":\"BreadcrumbList\",\"@id\":\"https:\\\/\\\/www.hotel-silhouette-biarritz.com\\\/es\\\/habitaciones-y-suites\\\/habitacion-deluxe\\\/#breadcrumb\",\"itemListElement\":[{\"@type\":\"ListItem\",\"position\":1,\"name\":\"Accueil\",\"item\":\"https:\\\/\\\/www.hotel-silhouette-biarritz.com\\\/es\\\/\"},{\"@type\":\"ListItem\",\"position\":2,\"name\":\"Habitaciones y suites\",\"item\":\"https:\\\/\\\/www.hotel-silhouette-biarritz.com\\\/es\\\/habitaciones-y-suites\\\/\"},{\"@type\":\"ListItem\",\"position\":3,\"name\":\"Habitaci\u00f3n Deluxe\"}]},{\"@type\":\"WebSite\",\"@id\":\"https:\\\/\\\/www.hotel-silhouette-biarritz.com\\\/es\\\/#website\",\"url\":\"https:\\\/\\\/www.hotel-silhouette-biarritz.com\\\/es\\\/\",\"name\":\"Hotel de Silhouette Biarritz\",\"description\":\"\",\"publisher\":{\"@id\":\"https:\\\/\\\/www.hotel-silhouette-biarritz.com\\\/es\\\/#organization\"},\"potentialAction\":[{\"@type\":\"SearchAction\",\"target\":{\"@type\":\"EntryPoint\",\"urlTemplate\":\"https:\\\/\\\/www.hotel-silhouette-biarritz.com\\\/es\\\/?s={search_term_string}\"},\"query-input\":{\"@type\":\"PropertyValueSpecification\",\"valueRequired\":true,\"valueName\":\"search_term_string\"}}],\"inLanguage\":\"es\"},{\"@type\":\"Organization\",\"@id\":\"https:\\\/\\\/www.hotel-silhouette-biarritz.com\\\/es\\\/#organization\",\"name\":\"Hotel de Silhouette Biarritz\",\"url\":\"https:\\\/\\\/www.hotel-silhouette-biarritz.com\\\/es\\\/\",\"logo\":{\"@type\":\"ImageObject\",\"inLanguage\":\"es\",\"@id\":\"https:\\\/\\\/www.hotel-silhouette-biarritz.com\\\/es\\\/#\\\/schema\\\/logo\\\/image\\\/\",\"url\":\"https:\\\/\\\/www.hotel-silhouette-biarritz.com\\\/wp-content\\\/uploads\\\/sites\\\/216\\\/2025\\\/05\\\/LOGO-MENU-1.png\",\"contentUrl\":\"https:\\\/\\\/www.hotel-silhouette-biarritz.com\\\/wp-content\\\/uploads\\\/sites\\\/216\\\/2025\\\/05\\\/LOGO-MENU-1.png\",\"width\":1404,\"height\":1800,\"caption\":\"Hotel de Silhouette Biarritz\"},\"image\":{\"@id\":\"https:\\\/\\\/www.hotel-silhouette-biarritz.com\\\/es\\\/#\\\/schema\\\/logo\\\/image\\\/\"},\"sameAs\":[\"https:\\\/\\\/www.facebook.com\\\/hoteldesilhouettebiarritz\\\/\",\"https:\\\/\\\/www.instagram.com\\\/hoteldesilhouettebiarritz\\\/\"]}]}<\/script>\n<!-- \/ Yoast SEO plugin. -->","yoast_head_json":{"title":"Chambre d'h\u00f4tel avec vue mer Biarritz | H\u00f4tel de Silhouette","description":"Profitez d\u2019une chambre Deluxe avec vue mer \u00e0 Biarritz, s\u00e9journez dans un cadre chaleureux et une atmosph\u00e8re intimiste pour un s\u00e9jour d'exception dans le centre.","robots":{"index":"index","follow":"follow","max-snippet":"max-snippet:-1","max-image-preview":"max-image-preview:large","max-video-preview":"max-video-preview:-1"},"canonical":"https:\/\/www.hotel-silhouette-biarritz.com\/es\/habitaciones-y-suites\/habitacion-deluxe\/","og_locale":"es_ES","og_type":"article","og_title":"Chambre d'h\u00f4tel avec vue mer Biarritz | H\u00f4tel de Silhouette","og_description":"Profitez d\u2019une chambre Deluxe avec vue mer \u00e0 Biarritz, s\u00e9journez dans un cadre chaleureux et une atmosph\u00e8re intimiste pour un s\u00e9jour d'exception dans le centre.","og_url":"https:\/\/www.hotel-silhouette-biarritz.com\/es\/habitaciones-y-suites\/habitacion-deluxe\/","og_site_name":"Hotel de Silhouette Biarritz","article_publisher":"https:\/\/www.facebook.com\/hoteldesilhouettebiarritz\/","article_modified_time":"2025-06-13T15:29:23+00:00","og_image":[{"width":2200,"height":1477,"url":"https:\/\/www.hotel-silhouette-biarritz.com\/wp-content\/uploads\/sites\/216\/2025\/05\/chambre-superieur.jpg","type":"image\/jpeg"}],"twitter_card":"summary_large_image","twitter_misc":{"Tiempo de lectura":"1 minuto"},"schema":{"@context":"https:\/\/schema.org","@graph":[{"@type":"WebPage","@id":"https:\/\/www.hotel-silhouette-biarritz.com\/es\/habitaciones-y-suites\/habitacion-deluxe\/","url":"https:\/\/www.hotel-silhouette-biarritz.com\/es\/habitaciones-y-suites\/habitacion-deluxe\/","name":"Chambre d'h\u00f4tel avec vue mer Biarritz | H\u00f4tel de Silhouette","isPartOf":{"@id":"https:\/\/www.hotel-silhouette-biarritz.com\/es\/#website"},"datePublished":"2025-02-12T11:45:54+00:00","dateModified":"2025-06-13T15:29:23+00:00","description":"Profitez d\u2019une chambre Deluxe avec vue mer \u00e0 Biarritz, s\u00e9journez dans un cadre chaleureux et une atmosph\u00e8re intimiste pour un s\u00e9jour d'exception dans le centre.","breadcrumb":{"@id":"https:\/\/www.hotel-silhouette-biarritz.com\/es\/habitaciones-y-suites\/habitacion-deluxe\/#breadcrumb"},"inLanguage":"es","potentialAction":[{"@type":"ReadAction","target":["https:\/\/www.hotel-silhouette-biarritz.com\/es\/habitaciones-y-suites\/habitacion-deluxe\/"]}]},{"@type":"BreadcrumbList","@id":"https:\/\/www.hotel-silhouette-biarritz.com\/es\/habitaciones-y-suites\/habitacion-deluxe\/#breadcrumb","itemListElement":[{"@type":"ListItem","position":1,"name":"Accueil","item":"https:\/\/www.hotel-silhouette-biarritz.com\/es\/"},{"@type":"ListItem","position":2,"name":"Habitaciones y suites","item":"https:\/\/www.hotel-silhouette-biarritz.com\/es\/habitaciones-y-suites\/"},{"@type":"ListItem","position":3,"name":"Habitaci\u00f3n Deluxe"}]},{"@type":"WebSite","@id":"https:\/\/www.hotel-silhouette-biarritz.com\/es\/#website","url":"https:\/\/www.hotel-silhouette-biarritz.com\/es\/","name":"Hotel de Silhouette Biarritz","description":"","publisher":{"@id":"https:\/\/www.hotel-silhouette-biarritz.com\/es\/#organization"},"potentialAction":[{"@type":"SearchAction","target":{"@type":"EntryPoint","urlTemplate":"https:\/\/www.hotel-silhouette-biarritz.com\/es\/?s={search_term_string}"},"query-input":{"@type":"PropertyValueSpecification","valueRequired":true,"valueName":"search_term_string"}}],"inLanguage":"es"},{"@type":"Organization","@id":"https:\/\/www.hotel-silhouette-biarritz.com\/es\/#organization","name":"Hotel de Silhouette Biarritz","url":"https:\/\/www.hotel-silhouette-biarritz.com\/es\/","logo":{"@type":"ImageObject","inLanguage":"es","@id":"https:\/\/www.hotel-silhouette-biarritz.com\/es\/#\/schema\/logo\/image\/","url":"https:\/\/www.hotel-silhouette-biarritz.com\/wp-content\/uploads\/sites\/216\/2025\/05\/LOGO-MENU-1.png","contentUrl":"https:\/\/www.hotel-silhouette-biarritz.com\/wp-content\/uploads\/sites\/216\/2025\/05\/LOGO-MENU-1.png","width":1404,"height":1800,"caption":"Hotel de Silhouette Biarritz"},"image":{"@id":"https:\/\/www.hotel-silhouette-biarritz.com\/es\/#\/schema\/logo\/image\/"},"sameAs":["https:\/\/www.facebook.com\/hoteldesilhouettebiarritz\/","https:\/\/www.instagram.com\/hoteldesilhouettebiarritz\/"]}]}},"acf":[],"_links":{"self":[{"href":"https:\/\/www.hotel-silhouette-biarritz.com\/es\/wp-json\/wp\/v2\/pages\/187","targetHints":{"allow":["GET"]}}],"collection":[{"href":"https:\/\/www.hotel-silhouette-biarritz.com\/es\/wp-json\/wp\/v2\/pages"}],"about":[{"href":"https:\/\/www.hotel-silhouette-biarritz.com\/es\/wp-json\/wp\/v2\/types\/page"}],"author":[{"embeddable":true,"href":"https:\/\/www.hotel-silhouette-biarritz.com\/es\/wp-json\/wp\/v2\/users\/25"}],"replies":[{"embeddable":true,"href":"https:\/\/www.hotel-silhouette-biarritz.com\/es\/wp-json\/wp\/v2\/comments?post=187"}],"version-history":[{"count":0,"href":"https:\/\/www.hotel-silhouette-biarritz.com\/es\/wp-json\/wp\/v2\/pages\/187\/revisions"}],"up":[{"embeddable":true,"href":"https:\/\/www.hotel-silhouette-biarritz.com\/es\/wp-json\/wp\/v2\/pages\/181"}],"wp:attachment":[{"href":"https:\/\/www.hotel-silhouette-biarritz.com\/es\/wp-json\/wp\/v2\/media?parent=187"}],"curies":[{"name":"wp","href":"https:\/\/api.w.org\/{rel}","templated":true}]}}