{"id":212,"date":"2025-02-11T17:18:39","date_gmt":"2025-02-11T16:18:39","guid":{"rendered":"https:\/\/de-silhouette.ms2.decms.eu\/restaurant-jardin-silhouette\/"},"modified":"2026-04-24T16:20:07","modified_gmt":"2026-04-24T14:20:07","slug":"restaurant-jardin-silhouette","status":"publish","type":"page","link":"https:\/\/www.hotel-silhouette-biarritz.com\/es\/restaurant-jardin-silhouette\/","title":{"rendered":"Restaurante Jard\u00edn"},"content":{"rendered":"<h2 class=\"the_subtitle\" style=\"text-align: center\">Restaurante el Jard\u00edn<\/h2>\n<p>El restaurante JARDIN est\u00e1 situado en pleno centro del barrio de les Halles de Biarritz. Cuando regreses del mercado, ven a descubrir su sabroso men\u00fa con platos de temporada y las delicias de la regi\u00f3n. En la terraza o en el Gran Sal\u00f3n, se sirven desayunos, almuerzos, brunch, c\u00f3cteles &#8230; para trabajar o compartir un momento con amigos, el Restaurante JARDIN est\u00e1 abierto todos los d\u00edas de 12:00 a 14:00 y las noches de verano de 19:00 a 22:00.<\/p>\n","protected":false},"excerpt":{"rendered":"<p>Restaurante el Jard\u00edn El restaurante JARDIN est\u00e1 situado en pleno centro del barrio de les Halles de Biarritz. Cuando regreses del mercado, ven a descubrir su sabroso men\u00fa con platos de temporada y las delicias de la regi\u00f3n. En la terraza o en el Gran Sal\u00f3n, se sirven desayunos, almuerzos, brunch, c\u00f3cteles &#8230; para trabajar [&hellip;]<\/p>\n","protected":false},"author":25,"featured_media":0,"parent":0,"menu_order":17,"comment_status":"closed","ping_status":"closed","template":"template-restaurants.php","meta":{"footnotes":""},"yoast_head":"<!-- This site is optimized with the Yoast SEO plugin v22.3 - https:\/\/yoast.com\/wordpress\/plugins\/seo\/ -->\n<title>Restaurante Jard\u00edn - Hotel de Silhouette Biarritz<\/title>\n<meta name=\"description\" content=\"Restaurante el Jard\u00edn El restaurante JARDIN est\u00e1 situado en pleno centro del barrio de les Halles de Biarritz. Cuando regreses del mercado, ven a\" \/>\n<meta name=\"robots\" content=\"index, follow, max-snippet:-1, max-image-preview:large, max-video-preview:-1\" \/>\n<link rel=\"canonical\" href=\"https:\/\/www.hotel-silhouette-biarritz.com\/es\/restaurant-jardin-silhouette\/\" \/>\n<meta property=\"og:locale\" content=\"es_ES\" \/>\n<meta property=\"og:type\" content=\"article\" \/>\n<meta property=\"og:title\" content=\"Restaurante Jard\u00edn - Hotel de Silhouette Biarritz\" \/>\n<meta property=\"og:description\" content=\"Restaurante el Jard\u00edn El restaurante JARDIN est\u00e1 situado en pleno centro del barrio de les Halles de Biarritz. Cuando regreses del mercado, ven a\" \/>\n<meta property=\"og:url\" content=\"https:\/\/www.hotel-silhouette-biarritz.com\/es\/restaurant-jardin-silhouette\/\" \/>\n<meta property=\"og:site_name\" content=\"Hotel de Silhouette Biarritz\" \/>\n<meta property=\"article:publisher\" content=\"https:\/\/www.facebook.com\/hoteldesilhouettebiarritz\/\" \/>\n<meta property=\"article:modified_time\" content=\"2026-04-24T14:20:07+00:00\" \/>\n<meta property=\"og:image\" content=\"https:\/\/www.hotel-silhouette-biarritz.com\/wp-content\/uploads\/sites\/216\/2025\/05\/chambre-superieur.jpg\" \/>\n\t<meta property=\"og:image:width\" content=\"2200\" \/>\n\t<meta property=\"og:image:height\" content=\"1477\" \/>\n\t<meta property=\"og:image:type\" content=\"image\/jpeg\" \/>\n<meta name=\"twitter:card\" content=\"summary_large_image\" \/>\n<meta name=\"twitter:label1\" content=\"Tiempo de lectura\" \/>\n\t<meta name=\"twitter:data1\" content=\"1 minuto\" \/>\n<script type=\"application\/ld+json\" class=\"yoast-schema-graph\">{\"@context\":\"https:\/\/schema.org\",\"@graph\":[{\"@type\":\"WebPage\",\"@id\":\"https:\/\/www.hotel-silhouette-biarritz.com\/es\/restaurant-jardin-silhouette\/\",\"url\":\"https:\/\/www.hotel-silhouette-biarritz.com\/es\/restaurant-jardin-silhouette\/\",\"name\":\"Restaurante Jard\u00edn - Hotel de Silhouette Biarritz\",\"isPartOf\":{\"@id\":\"https:\/\/www.hotel-silhouette-biarritz.com\/es\/#website\"},\"datePublished\":\"2025-02-11T16:18:39+00:00\",\"dateModified\":\"2026-04-24T14:20:07+00:00\",\"description\":\"Restaurante el Jard\u00edn El restaurante JARDIN est\u00e1 situado en pleno centro del barrio de les Halles de Biarritz. Cuando regreses del mercado, ven a\",\"breadcrumb\":{\"@id\":\"https:\/\/www.hotel-silhouette-biarritz.com\/es\/restaurant-jardin-silhouette\/#breadcrumb\"},\"inLanguage\":\"es\",\"potentialAction\":[{\"@type\":\"ReadAction\",\"target\":[\"https:\/\/www.hotel-silhouette-biarritz.com\/es\/restaurant-jardin-silhouette\/\"]}]},{\"@type\":\"BreadcrumbList\",\"@id\":\"https:\/\/www.hotel-silhouette-biarritz.com\/es\/restaurant-jardin-silhouette\/#breadcrumb\",\"itemListElement\":[{\"@type\":\"ListItem\",\"position\":1,\"name\":\"Accueil\",\"item\":\"https:\/\/www.hotel-silhouette-biarritz.com\/es\/\"},{\"@type\":\"ListItem\",\"position\":2,\"name\":\"Restaurante Jard\u00edn\"}]},{\"@type\":\"WebSite\",\"@id\":\"https:\/\/www.hotel-silhouette-biarritz.com\/es\/#website\",\"url\":\"https:\/\/www.hotel-silhouette-biarritz.com\/es\/\",\"name\":\"Hotel de Silhouette Biarritz\",\"description\":\"\",\"publisher\":{\"@id\":\"https:\/\/www.hotel-silhouette-biarritz.com\/es\/#organization\"},\"potentialAction\":[{\"@type\":\"SearchAction\",\"target\":{\"@type\":\"EntryPoint\",\"urlTemplate\":\"https:\/\/www.hotel-silhouette-biarritz.com\/es\/?s={search_term_string}\"},\"query-input\":\"required name=search_term_string\"}],\"inLanguage\":\"es\"},{\"@type\":\"Organization\",\"@id\":\"https:\/\/www.hotel-silhouette-biarritz.com\/es\/#organization\",\"name\":\"Hotel de Silhouette Biarritz\",\"url\":\"https:\/\/www.hotel-silhouette-biarritz.com\/es\/\",\"logo\":{\"@type\":\"ImageObject\",\"inLanguage\":\"es\",\"@id\":\"https:\/\/www.hotel-silhouette-biarritz.com\/es\/#\/schema\/logo\/image\/\",\"url\":\"https:\/\/www.hotel-silhouette-biarritz.com\/wp-content\/uploads\/sites\/216\/2025\/05\/LOGO-MENU-1.png\",\"contentUrl\":\"https:\/\/www.hotel-silhouette-biarritz.com\/wp-content\/uploads\/sites\/216\/2025\/05\/LOGO-MENU-1.png\",\"width\":1404,\"height\":1800,\"caption\":\"Hotel de Silhouette Biarritz\"},\"image\":{\"@id\":\"https:\/\/www.hotel-silhouette-biarritz.com\/es\/#\/schema\/logo\/image\/\"},\"sameAs\":[\"https:\/\/www.facebook.com\/hoteldesilhouettebiarritz\/\",\"https:\/\/www.instagram.com\/hoteldesilhouettebiarritz\/\"]}]}<\/script>\n<!-- \/ Yoast SEO plugin. -->","yoast_head_json":{"title":"Restaurante Jard\u00edn - Hotel de Silhouette Biarritz","description":"Restaurante el Jard\u00edn El restaurante JARDIN est\u00e1 situado en pleno centro del barrio de les Halles de Biarritz. Cuando regreses del mercado, ven a","robots":{"index":"index","follow":"follow","max-snippet":"max-snippet:-1","max-image-preview":"max-image-preview:large","max-video-preview":"max-video-preview:-1"},"canonical":"https:\/\/www.hotel-silhouette-biarritz.com\/es\/restaurant-jardin-silhouette\/","og_locale":"es_ES","og_type":"article","og_title":"Restaurante Jard\u00edn - Hotel de Silhouette Biarritz","og_description":"Restaurante el Jard\u00edn El restaurante JARDIN est\u00e1 situado en pleno centro del barrio de les Halles de Biarritz. Cuando regreses del mercado, ven a","og_url":"https:\/\/www.hotel-silhouette-biarritz.com\/es\/restaurant-jardin-silhouette\/","og_site_name":"Hotel de Silhouette Biarritz","article_publisher":"https:\/\/www.facebook.com\/hoteldesilhouettebiarritz\/","article_modified_time":"2026-04-24T14:20:07+00:00","og_image":[{"width":2200,"height":1477,"url":"https:\/\/www.hotel-silhouette-biarritz.com\/wp-content\/uploads\/sites\/216\/2025\/05\/chambre-superieur.jpg","type":"image\/jpeg"}],"twitter_card":"summary_large_image","twitter_misc":{"Tiempo de lectura":"1 minuto"},"schema":{"@context":"https:\/\/schema.org","@graph":[{"@type":"WebPage","@id":"https:\/\/www.hotel-silhouette-biarritz.com\/es\/restaurant-jardin-silhouette\/","url":"https:\/\/www.hotel-silhouette-biarritz.com\/es\/restaurant-jardin-silhouette\/","name":"Restaurante Jard\u00edn - Hotel de Silhouette Biarritz","isPartOf":{"@id":"https:\/\/www.hotel-silhouette-biarritz.com\/es\/#website"},"datePublished":"2025-02-11T16:18:39+00:00","dateModified":"2026-04-24T14:20:07+00:00","description":"Restaurante el Jard\u00edn El restaurante JARDIN est\u00e1 situado en pleno centro del barrio de les Halles de Biarritz. Cuando regreses del mercado, ven a","breadcrumb":{"@id":"https:\/\/www.hotel-silhouette-biarritz.com\/es\/restaurant-jardin-silhouette\/#breadcrumb"},"inLanguage":"es","potentialAction":[{"@type":"ReadAction","target":["https:\/\/www.hotel-silhouette-biarritz.com\/es\/restaurant-jardin-silhouette\/"]}]},{"@type":"BreadcrumbList","@id":"https:\/\/www.hotel-silhouette-biarritz.com\/es\/restaurant-jardin-silhouette\/#breadcrumb","itemListElement":[{"@type":"ListItem","position":1,"name":"Accueil","item":"https:\/\/www.hotel-silhouette-biarritz.com\/es\/"},{"@type":"ListItem","position":2,"name":"Restaurante Jard\u00edn"}]},{"@type":"WebSite","@id":"https:\/\/www.hotel-silhouette-biarritz.com\/es\/#website","url":"https:\/\/www.hotel-silhouette-biarritz.com\/es\/","name":"Hotel de Silhouette Biarritz","description":"","publisher":{"@id":"https:\/\/www.hotel-silhouette-biarritz.com\/es\/#organization"},"potentialAction":[{"@type":"SearchAction","target":{"@type":"EntryPoint","urlTemplate":"https:\/\/www.hotel-silhouette-biarritz.com\/es\/?s={search_term_string}"},"query-input":"required name=search_term_string"}],"inLanguage":"es"},{"@type":"Organization","@id":"https:\/\/www.hotel-silhouette-biarritz.com\/es\/#organization","name":"Hotel de Silhouette Biarritz","url":"https:\/\/www.hotel-silhouette-biarritz.com\/es\/","logo":{"@type":"ImageObject","inLanguage":"es","@id":"https:\/\/www.hotel-silhouette-biarritz.com\/es\/#\/schema\/logo\/image\/","url":"https:\/\/www.hotel-silhouette-biarritz.com\/wp-content\/uploads\/sites\/216\/2025\/05\/LOGO-MENU-1.png","contentUrl":"https:\/\/www.hotel-silhouette-biarritz.com\/wp-content\/uploads\/sites\/216\/2025\/05\/LOGO-MENU-1.png","width":1404,"height":1800,"caption":"Hotel de Silhouette Biarritz"},"image":{"@id":"https:\/\/www.hotel-silhouette-biarritz.com\/es\/#\/schema\/logo\/image\/"},"sameAs":["https:\/\/www.facebook.com\/hoteldesilhouettebiarritz\/","https:\/\/www.instagram.com\/hoteldesilhouettebiarritz\/"]}]}},"acf":[],"_links":{"self":[{"href":"https:\/\/www.hotel-silhouette-biarritz.com\/es\/wp-json\/wp\/v2\/pages\/212"}],"collection":[{"href":"https:\/\/www.hotel-silhouette-biarritz.com\/es\/wp-json\/wp\/v2\/pages"}],"about":[{"href":"https:\/\/www.hotel-silhouette-biarritz.com\/es\/wp-json\/wp\/v2\/types\/page"}],"author":[{"embeddable":true,"href":"https:\/\/www.hotel-silhouette-biarritz.com\/es\/wp-json\/wp\/v2\/users\/25"}],"replies":[{"embeddable":true,"href":"https:\/\/www.hotel-silhouette-biarritz.com\/es\/wp-json\/wp\/v2\/comments?post=212"}],"version-history":[{"count":0,"href":"https:\/\/www.hotel-silhouette-biarritz.com\/es\/wp-json\/wp\/v2\/pages\/212\/revisions"}],"wp:attachment":[{"href":"https:\/\/www.hotel-silhouette-biarritz.com\/es\/wp-json\/wp\/v2\/media?parent=212"}],"curies":[{"name":"wp","href":"https:\/\/api.w.org\/{rel}","templated":true}]}}