{"id":225,"date":"2025-02-11T17:29:08","date_gmt":"2025-02-11T16:29:08","guid":{"rendered":"https:\/\/de-silhouette.ms2.decms.eu\/mentions-legales\/"},"modified":"2025-06-13T17:42:24","modified_gmt":"2025-06-13T15:42:24","slug":"avisos-legales","status":"publish","type":"page","link":"https:\/\/www.hotel-silhouette-biarritz.com\/es\/avisos-legales\/","title":{"rendered":"Avisos legales"},"content":{"rendered":"<p data-start=\"40\" data-end=\"199\"><strong data-start=\"40\" data-end=\"72\">SAS H\u00f4tel Ch\u00e2teau Silhouette<\/strong><br data-start=\"72\" data-end=\"75\" \/>30 rue Gambetta, 64200 Biarritz<br data-start=\"106\" data-end=\"109\" \/>Tel.: +33 (0)5 59 24 93 82<br data-start=\"135\" data-end=\"138\" \/><a class=\"cursor-pointer\" rel=\"noopener\" data-start=\"138\" data-end=\"170\">reservations@hotelsilhouette.com<\/a><br data-start=\"170\" data-end=\"173\" \/>SIRET: 529 657 835 00011<\/p>\n<p data-start=\"201\" data-end=\"234\">SAS con un capital de 180.000 \u20ac<\/p>\n<p data-start=\"236\" data-end=\"372\"><strong data-start=\"236\" data-end=\"256\">Alojamiento web:<\/strong><br data-start=\"256\" data-end=\"259\" \/>WPEngine, Inc.<br data-start=\"273\" data-end=\"276\" \/>Irongate House, 22-30 Duke\u2019s Place<br data-start=\"310\" data-end=\"313\" \/>London, EC3A 7LP, Reino Unido<br data-start=\"342\" data-end=\"345\" \/>Tel\u00e9fono: 08 00 50 53 049<\/p>\n<p data-start=\"374\" data-end=\"493\"><strong data-start=\"374\" data-end=\"398\">Dise\u00f1o y desarrollo:<\/strong><br data-start=\"398\" data-end=\"401\" \/>D-EDGE \u2013 D-EDGE SAS<br data-start=\"420\" data-end=\"423\" \/>64-66 Rue des Archives \u2013 75003 Par\u00eds \u2013 Francia<br data-start=\"469\" data-end=\"472\" \/>+33(0)1 44 71 04 35<\/p>\n<p data-start=\"495\" data-end=\"576\"><strong data-start=\"495\" data-end=\"504\">Fotos<\/strong> @ Sophie BOUSSAHBA @ C\u00e9cile Lhermitte<br data-start=\"542\" data-end=\"545\" \/><strong data-start=\"545\" data-end=\"554\">V\u00eddeo<\/strong> @ Pays Basque Drone<\/p>\n<hr data-start=\"578\" data-end=\"581\" \/>\n<h3 data-start=\"583\" data-end=\"610\">PROPIEDAD INTELECTUAL<\/h3>\n<p data-start=\"611\" data-end=\"1033\">La estructura, el dise\u00f1o, la identidad visual, los textos, la base de datos, los logotipos, las im\u00e1genes, los elementos gr\u00e1ficos, las fotograf\u00edas y cualquier otro componente de este sitio est\u00e1n protegidos por derechos de autor y son propiedad exclusiva del H\u00f4tel de Silhouette. Queda prohibida cualquier reproducci\u00f3n total o parcial de este sitio, por cualquier medio, sin autorizaci\u00f3n previa, y constituye una infracci\u00f3n.<\/p>\n<hr data-start=\"1035\" data-end=\"1038\" \/>\n<h3 data-start=\"1040\" data-end=\"1077\">TRATAMIENTO DE DATOS PERSONALES<\/h3>\n<p data-start=\"1078\" data-end=\"1667\">La informaci\u00f3n recopilada a trav\u00e9s de los formularios de contacto, correos electr\u00f3nicos o herramientas de an\u00e1lisis de audiencia est\u00e1 destinada exclusivamente al uso de este sitio web. En ning\u00fan caso se comunica a terceros.<br data-start=\"1300\" data-end=\"1303\" \/>De acuerdo con los art\u00edculos 39 y siguientes de la Ley n\u00ba 78-17 del 6 de enero de 1978 sobre inform\u00e1tica, archivos y libertades, cualquier persona tiene derecho a acceder, rectificar o suprimir la informaci\u00f3n que le concierna, contactando con el director de publicaci\u00f3n. Asimismo, cualquier persona puede oponerse al tratamiento de sus datos por motivos leg\u00edtimos.<\/p>\n<hr data-start=\"1669\" data-end=\"1672\" \/>\n<h3 data-start=\"1674\" data-end=\"1700\">MEDIACI\u00d3N DE CONSUMO<\/h3>\n<p data-start=\"1701\" data-end=\"2082\">En caso de litigio, tras haber contactado con el servicio correspondiente (postventa, postestancia, etc.) y si no se ha obtenido una respuesta satisfactoria en un plazo de 60 d\u00edas, el cliente puede acudir gratuitamente al mediador de Turismo y Viajes. Sus datos de contacto y los procedimientos de reclamaci\u00f3n est\u00e1n disponibles en el sitio: <a class=\"\" href=\"https:\/\/www.mtv.travel\" target=\"_new\" rel=\"noopener\" data-start=\"2042\" data-end=\"2082\">www.mtv.travel<\/a><\/p>\n<hr data-start=\"2084\" data-end=\"2087\" \/>\n<h3 data-start=\"2089\" data-end=\"2099\">RGPD<\/h3>\n<p data-start=\"2100\" data-end=\"2180\">Todos los formularios de este sitio incluyen la siguiente menci\u00f3n obligatoria:<\/p>\n<p data-start=\"2182\" data-end=\"2576\">La informaci\u00f3n recogida en este formulario se almacena en un archivo informatizado por el H\u00f4tel de Silhouette para optimizar su servicio. Se conservar\u00e1 durante 2 a\u00f1os y est\u00e1 destinada al H\u00f4tel de Silhouette.<br data-start=\"2389\" data-end=\"2392\" \/>De conformidad con la ley de \u201cinform\u00e1tica y libertades\u201d, puede ejercer su derecho de acceso, rectificaci\u00f3n o supresi\u00f3n de sus datos contactando con: <a class=\"cursor-pointer\" rel=\"noopener\" data-start=\"2541\" data-end=\"2573\">reservations@hotelsilhouette.com<\/a>.<\/p>\n<p data-start=\"2578\" data-end=\"2759\">Le informamos de la existencia de la lista de exclusi\u00f3n de llamadas publicitarias \u00abBloctel\u00bb, en la que puede inscribirse aqu\u00ed: <a class=\"\" href=\"https:\/\/conso.bloctel.fr\" target=\"_new\" rel=\"noopener\" data-start=\"2705\" data-end=\"2757\">https:\/\/conso.bloctel.fr<\/a><\/p>\n<p data-start=\"2761\" data-end=\"2967\">Este modelo se completar\u00e1 posteriormente con la informaci\u00f3n relativa a las directrices sobre el destino de los datos personales tras la muerte (art\u00edculo 32-I-6\u00b0 de la ley del 6 de enero de 1978 modificada).<\/p>\n","protected":false},"excerpt":{"rendered":"<p>SAS H\u00f4tel Ch\u00e2teau Silhouette30 rue Gambetta, 64200 BiarritzTel.: +33 (0)5 59 24 93 82reservations@hotelsilhouette.comSIRET: 529 657 835 00011 SAS con un capital de 180.000 \u20ac Alojamiento web:WPEngine, Inc.Irongate House, 22-30 Duke\u2019s PlaceLondon, EC3A 7LP, Reino UnidoTel\u00e9fono: 08 00 50 53 049 Dise\u00f1o y desarrollo:D-EDGE \u2013 D-EDGE SAS64-66 Rue des Archives \u2013 75003 Par\u00eds \u2013 Francia+33(0)1 [&hellip;]<\/p>\n","protected":false},"author":25,"featured_media":0,"parent":0,"menu_order":10,"comment_status":"closed","ping_status":"closed","template":"","meta":{"footnotes":""},"yoast_head":"<!-- This site is optimized with the Yoast SEO plugin v22.3 - https:\/\/yoast.com\/wordpress\/plugins\/seo\/ -->\n<title>Avisos legales - Hotel de Silhouette Biarritz<\/title>\n<meta name=\"description\" content=\"SAS H\u00f4tel Ch\u00e2teau Silhouette30 rue Gambetta, 64200 BiarritzTel.: +33 (0)5 59 24 93 82reservations@hotelsilhouette.comSIRET: 529 657 835 00011 SAS con un\" \/>\n<meta name=\"robots\" content=\"index, follow, max-snippet:-1, max-image-preview:large, max-video-preview:-1\" \/>\n<link rel=\"canonical\" href=\"https:\/\/www.hotel-silhouette-biarritz.com\/es\/avisos-legales\/\" \/>\n<meta property=\"og:locale\" content=\"es_ES\" \/>\n<meta property=\"og:type\" content=\"article\" \/>\n<meta property=\"og:title\" content=\"Avisos legales - Hotel de Silhouette Biarritz\" \/>\n<meta property=\"og:description\" content=\"SAS H\u00f4tel Ch\u00e2teau Silhouette30 rue Gambetta, 64200 BiarritzTel.: +33 (0)5 59 24 93 82reservations@hotelsilhouette.comSIRET: 529 657 835 00011 SAS con un\" \/>\n<meta property=\"og:url\" content=\"https:\/\/www.hotel-silhouette-biarritz.com\/es\/avisos-legales\/\" \/>\n<meta property=\"og:site_name\" content=\"Hotel de Silhouette Biarritz\" \/>\n<meta property=\"article:publisher\" content=\"https:\/\/www.facebook.com\/hoteldesilhouettebiarritz\/\" \/>\n<meta property=\"article:modified_time\" content=\"2025-06-13T15:42:24+00:00\" \/>\n<meta property=\"og:image\" content=\"https:\/\/www.hotel-silhouette-biarritz.com\/wp-content\/uploads\/sites\/216\/2025\/05\/chambre-superieur.jpg\" \/>\n\t<meta property=\"og:image:width\" content=\"2200\" \/>\n\t<meta property=\"og:image:height\" content=\"1477\" \/>\n\t<meta property=\"og:image:type\" content=\"image\/jpeg\" \/>\n<meta name=\"twitter:card\" content=\"summary_large_image\" \/>\n<meta name=\"twitter:label1\" content=\"Tiempo de lectura\" \/>\n\t<meta name=\"twitter:data1\" content=\"2 minutos\" \/>\n<script type=\"application\/ld+json\" class=\"yoast-schema-graph\">{\"@context\":\"https:\/\/schema.org\",\"@graph\":[{\"@type\":\"WebPage\",\"@id\":\"https:\/\/www.hotel-silhouette-biarritz.com\/es\/avisos-legales\/\",\"url\":\"https:\/\/www.hotel-silhouette-biarritz.com\/es\/avisos-legales\/\",\"name\":\"Avisos legales - Hotel de Silhouette Biarritz\",\"isPartOf\":{\"@id\":\"https:\/\/www.hotel-silhouette-biarritz.com\/es\/#website\"},\"datePublished\":\"2025-02-11T16:29:08+00:00\",\"dateModified\":\"2025-06-13T15:42:24+00:00\",\"description\":\"SAS H\u00f4tel Ch\u00e2teau Silhouette30 rue Gambetta, 64200 BiarritzTel.: +33 (0)5 59 24 93 82reservations@hotelsilhouette.comSIRET: 529 657 835 00011 SAS con un\",\"breadcrumb\":{\"@id\":\"https:\/\/www.hotel-silhouette-biarritz.com\/es\/avisos-legales\/#breadcrumb\"},\"inLanguage\":\"es\",\"potentialAction\":[{\"@type\":\"ReadAction\",\"target\":[\"https:\/\/www.hotel-silhouette-biarritz.com\/es\/avisos-legales\/\"]}]},{\"@type\":\"BreadcrumbList\",\"@id\":\"https:\/\/www.hotel-silhouette-biarritz.com\/es\/avisos-legales\/#breadcrumb\",\"itemListElement\":[{\"@type\":\"ListItem\",\"position\":1,\"name\":\"Accueil\",\"item\":\"https:\/\/www.hotel-silhouette-biarritz.com\/es\/\"},{\"@type\":\"ListItem\",\"position\":2,\"name\":\"Avisos legales\"}]},{\"@type\":\"WebSite\",\"@id\":\"https:\/\/www.hotel-silhouette-biarritz.com\/es\/#website\",\"url\":\"https:\/\/www.hotel-silhouette-biarritz.com\/es\/\",\"name\":\"Hotel de Silhouette Biarritz\",\"description\":\"\",\"publisher\":{\"@id\":\"https:\/\/www.hotel-silhouette-biarritz.com\/es\/#organization\"},\"potentialAction\":[{\"@type\":\"SearchAction\",\"target\":{\"@type\":\"EntryPoint\",\"urlTemplate\":\"https:\/\/www.hotel-silhouette-biarritz.com\/es\/?s={search_term_string}\"},\"query-input\":\"required name=search_term_string\"}],\"inLanguage\":\"es\"},{\"@type\":\"Organization\",\"@id\":\"https:\/\/www.hotel-silhouette-biarritz.com\/es\/#organization\",\"name\":\"Hotel de Silhouette Biarritz\",\"url\":\"https:\/\/www.hotel-silhouette-biarritz.com\/es\/\",\"logo\":{\"@type\":\"ImageObject\",\"inLanguage\":\"es\",\"@id\":\"https:\/\/www.hotel-silhouette-biarritz.com\/es\/#\/schema\/logo\/image\/\",\"url\":\"https:\/\/www.hotel-silhouette-biarritz.com\/wp-content\/uploads\/sites\/216\/2025\/05\/LOGO-MENU-1.png\",\"contentUrl\":\"https:\/\/www.hotel-silhouette-biarritz.com\/wp-content\/uploads\/sites\/216\/2025\/05\/LOGO-MENU-1.png\",\"width\":1404,\"height\":1800,\"caption\":\"Hotel de Silhouette Biarritz\"},\"image\":{\"@id\":\"https:\/\/www.hotel-silhouette-biarritz.com\/es\/#\/schema\/logo\/image\/\"},\"sameAs\":[\"https:\/\/www.facebook.com\/hoteldesilhouettebiarritz\/\",\"https:\/\/www.instagram.com\/hoteldesilhouettebiarritz\/\"]}]}<\/script>\n<!-- \/ Yoast SEO plugin. -->","yoast_head_json":{"title":"Avisos legales - Hotel de Silhouette Biarritz","description":"SAS H\u00f4tel Ch\u00e2teau Silhouette30 rue Gambetta, 64200 BiarritzTel.: +33 (0)5 59 24 93 82reservations@hotelsilhouette.comSIRET: 529 657 835 00011 SAS con un","robots":{"index":"index","follow":"follow","max-snippet":"max-snippet:-1","max-image-preview":"max-image-preview:large","max-video-preview":"max-video-preview:-1"},"canonical":"https:\/\/www.hotel-silhouette-biarritz.com\/es\/avisos-legales\/","og_locale":"es_ES","og_type":"article","og_title":"Avisos legales - Hotel de Silhouette Biarritz","og_description":"SAS H\u00f4tel Ch\u00e2teau Silhouette30 rue Gambetta, 64200 BiarritzTel.: +33 (0)5 59 24 93 82reservations@hotelsilhouette.comSIRET: 529 657 835 00011 SAS con un","og_url":"https:\/\/www.hotel-silhouette-biarritz.com\/es\/avisos-legales\/","og_site_name":"Hotel de Silhouette Biarritz","article_publisher":"https:\/\/www.facebook.com\/hoteldesilhouettebiarritz\/","article_modified_time":"2025-06-13T15:42:24+00:00","og_image":[{"width":2200,"height":1477,"url":"https:\/\/www.hotel-silhouette-biarritz.com\/wp-content\/uploads\/sites\/216\/2025\/05\/chambre-superieur.jpg","type":"image\/jpeg"}],"twitter_card":"summary_large_image","twitter_misc":{"Tiempo de lectura":"2 minutos"},"schema":{"@context":"https:\/\/schema.org","@graph":[{"@type":"WebPage","@id":"https:\/\/www.hotel-silhouette-biarritz.com\/es\/avisos-legales\/","url":"https:\/\/www.hotel-silhouette-biarritz.com\/es\/avisos-legales\/","name":"Avisos legales - Hotel de Silhouette Biarritz","isPartOf":{"@id":"https:\/\/www.hotel-silhouette-biarritz.com\/es\/#website"},"datePublished":"2025-02-11T16:29:08+00:00","dateModified":"2025-06-13T15:42:24+00:00","description":"SAS H\u00f4tel Ch\u00e2teau Silhouette30 rue Gambetta, 64200 BiarritzTel.: +33 (0)5 59 24 93 82reservations@hotelsilhouette.comSIRET: 529 657 835 00011 SAS con un","breadcrumb":{"@id":"https:\/\/www.hotel-silhouette-biarritz.com\/es\/avisos-legales\/#breadcrumb"},"inLanguage":"es","potentialAction":[{"@type":"ReadAction","target":["https:\/\/www.hotel-silhouette-biarritz.com\/es\/avisos-legales\/"]}]},{"@type":"BreadcrumbList","@id":"https:\/\/www.hotel-silhouette-biarritz.com\/es\/avisos-legales\/#breadcrumb","itemListElement":[{"@type":"ListItem","position":1,"name":"Accueil","item":"https:\/\/www.hotel-silhouette-biarritz.com\/es\/"},{"@type":"ListItem","position":2,"name":"Avisos legales"}]},{"@type":"WebSite","@id":"https:\/\/www.hotel-silhouette-biarritz.com\/es\/#website","url":"https:\/\/www.hotel-silhouette-biarritz.com\/es\/","name":"Hotel de Silhouette Biarritz","description":"","publisher":{"@id":"https:\/\/www.hotel-silhouette-biarritz.com\/es\/#organization"},"potentialAction":[{"@type":"SearchAction","target":{"@type":"EntryPoint","urlTemplate":"https:\/\/www.hotel-silhouette-biarritz.com\/es\/?s={search_term_string}"},"query-input":"required name=search_term_string"}],"inLanguage":"es"},{"@type":"Organization","@id":"https:\/\/www.hotel-silhouette-biarritz.com\/es\/#organization","name":"Hotel de Silhouette Biarritz","url":"https:\/\/www.hotel-silhouette-biarritz.com\/es\/","logo":{"@type":"ImageObject","inLanguage":"es","@id":"https:\/\/www.hotel-silhouette-biarritz.com\/es\/#\/schema\/logo\/image\/","url":"https:\/\/www.hotel-silhouette-biarritz.com\/wp-content\/uploads\/sites\/216\/2025\/05\/LOGO-MENU-1.png","contentUrl":"https:\/\/www.hotel-silhouette-biarritz.com\/wp-content\/uploads\/sites\/216\/2025\/05\/LOGO-MENU-1.png","width":1404,"height":1800,"caption":"Hotel de Silhouette Biarritz"},"image":{"@id":"https:\/\/www.hotel-silhouette-biarritz.com\/es\/#\/schema\/logo\/image\/"},"sameAs":["https:\/\/www.facebook.com\/hoteldesilhouettebiarritz\/","https:\/\/www.instagram.com\/hoteldesilhouettebiarritz\/"]}]}},"acf":[],"_links":{"self":[{"href":"https:\/\/www.hotel-silhouette-biarritz.com\/es\/wp-json\/wp\/v2\/pages\/225"}],"collection":[{"href":"https:\/\/www.hotel-silhouette-biarritz.com\/es\/wp-json\/wp\/v2\/pages"}],"about":[{"href":"https:\/\/www.hotel-silhouette-biarritz.com\/es\/wp-json\/wp\/v2\/types\/page"}],"author":[{"embeddable":true,"href":"https:\/\/www.hotel-silhouette-biarritz.com\/es\/wp-json\/wp\/v2\/users\/25"}],"replies":[{"embeddable":true,"href":"https:\/\/www.hotel-silhouette-biarritz.com\/es\/wp-json\/wp\/v2\/comments?post=225"}],"version-history":[{"count":0,"href":"https:\/\/www.hotel-silhouette-biarritz.com\/es\/wp-json\/wp\/v2\/pages\/225\/revisions"}],"wp:attachment":[{"href":"https:\/\/www.hotel-silhouette-biarritz.com\/es\/wp-json\/wp\/v2\/media?parent=225"}],"curies":[{"name":"wp","href":"https:\/\/api.w.org\/{rel}","templated":true}]}}