{"id":232,"date":"2025-02-11T17:35:38","date_gmt":"2025-02-11T16:35:38","guid":{"rendered":"https:\/\/de-silhouette.ms2.decms.eu\/conditions-generales-de-vente\/"},"modified":"2025-06-13T17:55:07","modified_gmt":"2025-06-13T15:55:07","slug":"condiciones-generales-de-venta","status":"publish","type":"page","link":"https:\/\/www.hotel-silhouette-biarritz.com\/es\/condiciones-generales-de-venta\/","title":{"rendered":"Condiciones generales de venta"},"content":{"rendered":"<p><span style=\"font-weight: 400;\">Hotel de Silhouette Biarritz<\/span><\/p>\n<p><span style=\"font-weight: 400;\">TARIFAS<\/span><\/p>\n<p><span style=\"font-weight: 400;\">Los precios son IVA incluido. Sin impuesto de estancia (3,74\u20ac por persona y noche).<\/span><\/p>\n<p><span style=\"font-weight: 400;\">Tarjetas de cr\u00e9dito aceptadas: Visa, Eurocard, Mastercard y American Express.<\/span><\/p>\n<p><span style=\"font-weight: 400;\">No se aceptan cheques.<\/span><\/p>\n<p><b>HOTEL<\/b><\/p>\n<p><span style=\"font-weight: 400;\">El d\u00eda de llegada, las habitaciones est\u00e1n disponibles a partir de las 15:00. Deben ser liberadas antes de las 12:00 del d\u00eda de salida.<\/span><\/p>\n<p><span style=\"font-weight: 400;\">Cualquier exceso de tiempo se cobrar\u00e1 como una noche adicional.<\/span><\/p>\n<p><span style=\"font-weight: 400;\">Si desea disponer de su habitaci\u00f3n antes de las 15:00 del d\u00eda de llegada, le recomendamos que reserve la noche anterior (a una tarifa preferencial si nuestra ocupaci\u00f3n lo permite). De la misma manera para salidas tard\u00edas, reservar la siguiente noche le permitir\u00e1 mantener su habitaci\u00f3n despu\u00e9s de las 12:00.<\/span><\/p>\n<p><span style=\"font-weight: 400;\">En caso de estancia larga superior a una semana, se har\u00e1 una facturaci\u00f3n por semana.<\/span><\/p>\n<p><b>CONDICIONES DE RESERVACI\u00d3N<\/b><\/p>\n<p><span style=\"font-weight: 400;\">Para estancias de 1 a 5 noches: Se solicita un dep\u00f3sito del importe de la primera noche en el momento de la reserva para confirmar su estancia.<\/span><\/p>\n<p><span style=\"font-weight: 400;\">Para estancias de m\u00e1s de 5 noches: un dep\u00f3sito del 30% de la totalidad se solicita en el momento de la reserva con el fin de confirmar su estancia.<\/span><\/p>\n<p><b>CONDICIONES DE CANCELACI\u00d3N Y MODIFICACI\u00d3N<\/b><\/p>\n<p><span style=\"font-weight: 400;\">Cualquier cancelaci\u00f3n o modificaci\u00f3n de la estancia deber\u00e1 ser formulada por correo electr\u00f3nico.<\/span><\/p>\n<p><span style=\"font-weight: 400;\">Si cancela 5 d\u00edas antes de la fecha de llegada (15:00, hora local), el dep\u00f3sito pagado se le reembolsar\u00e1.<\/span><\/p>\n<p><span style=\"font-weight: 400;\">Si la cancelaci\u00f3n o modificaci\u00f3n se produce menos de 5 d\u00edas antes de la fecha de llegada (15:00, hora local), el dep\u00f3sito pagado se retiene.<\/span><\/p>\n<p><span style=\"font-weight: 400;\">No se podr\u00e1 conceder ning\u00fan aplazamiento o reembolso de estancia a menos de 5 d\u00edas de la fecha de llegada.<\/span><\/p>\n<p><span style=\"font-weight: 400;\">En caso de interrupci\u00f3n de estancia o no-show, se cobrar\u00e1 la totalidad de la estancia restante.\u00a0\u00a0<\/span><\/p>\n<p><b>APERTURA<\/b><\/p>\n<p><span style=\"font-weight: 400;\">El Hotel de Silhouette est\u00e1 abierto todo el a\u00f1o, las veinticuatro horas del d\u00eda.\u00a0<\/span><\/p>\n<p><span style=\"font-weight: 400;\">El Restaurante JARD\u00cdN est\u00e1 abierto todo el a\u00f1o. Todos los d\u00edas para el almuerzo. Todos los d\u00edas para el almuerzo y la cena durante el verano (julio &amp; agosto). Para grupos, se pueden organizar almuerzos y cenas bajo petici\u00f3n.<\/span><\/p>\n<p><b>APARCAMIENTO PRIVADO<\/b><\/p>\n<p><span style=\"font-weight: 400;\">El aparcamiento privado del hotel es exterior y seguro. Reserva obligatoria, seg\u00fan disponibilidad. La tarifa es de 25\u20ac por d\u00eda, recarga el\u00e9ctrica + 8\u20ac.<\/span><\/p>\n<p><b>ANIMALES<\/b><\/p>\n<p><span style=\"font-weight: 400;\">Se admiten mascotas en algunas habitaciones bajo petici\u00f3n. Se permite el acceso al jard\u00edn, pero no a la sala de desayunos ni a la terraza del restaurante. Suplemento de 15\u20ac por d\u00eda.<\/span><\/p>\n","protected":false},"excerpt":{"rendered":"<p>Hotel de Silhouette Biarritz TARIFAS Los precios son IVA incluido. Sin impuesto de estancia (3,74\u20ac por persona y noche). Tarjetas de cr\u00e9dito aceptadas: Visa, Eurocard, Mastercard y American Express. No se aceptan cheques. HOTEL El d\u00eda de llegada, las habitaciones est\u00e1n disponibles a partir de las 15:00. Deben ser liberadas antes de las 12:00 del [&hellip;]<\/p>\n","protected":false},"author":25,"featured_media":0,"parent":0,"menu_order":7,"comment_status":"closed","ping_status":"closed","template":"","meta":{"footnotes":""},"yoast_head":"<!-- This site is optimized with the Yoast SEO plugin v22.3 - https:\/\/yoast.com\/wordpress\/plugins\/seo\/ -->\n<title>Condiciones generales de venta - Hotel de Silhouette Biarritz<\/title>\n<meta name=\"description\" content=\"Hotel de Silhouette Biarritz TARIFAS Los precios son IVA incluido. Sin impuesto de estancia (3,74\u20ac por persona y noche). Tarjetas de cr\u00e9dito aceptadas:\" \/>\n<meta name=\"robots\" content=\"index, follow, max-snippet:-1, max-image-preview:large, max-video-preview:-1\" \/>\n<link rel=\"canonical\" href=\"https:\/\/www.hotel-silhouette-biarritz.com\/es\/condiciones-generales-de-venta\/\" \/>\n<meta property=\"og:locale\" content=\"es_ES\" \/>\n<meta property=\"og:type\" content=\"article\" \/>\n<meta property=\"og:title\" content=\"Condiciones generales de venta - Hotel de Silhouette Biarritz\" \/>\n<meta property=\"og:description\" content=\"Hotel de Silhouette Biarritz TARIFAS Los precios son IVA incluido. Sin impuesto de estancia (3,74\u20ac por persona y noche). Tarjetas de cr\u00e9dito aceptadas:\" \/>\n<meta property=\"og:url\" content=\"https:\/\/www.hotel-silhouette-biarritz.com\/es\/condiciones-generales-de-venta\/\" \/>\n<meta property=\"og:site_name\" content=\"Hotel de Silhouette Biarritz\" \/>\n<meta property=\"article:publisher\" content=\"https:\/\/www.facebook.com\/hoteldesilhouettebiarritz\/\" \/>\n<meta property=\"article:modified_time\" content=\"2025-06-13T15:55:07+00:00\" \/>\n<meta property=\"og:image\" content=\"https:\/\/www.hotel-silhouette-biarritz.com\/wp-content\/uploads\/sites\/216\/2025\/05\/chambre-superieur.jpg\" \/>\n\t<meta property=\"og:image:width\" content=\"2200\" \/>\n\t<meta property=\"og:image:height\" content=\"1477\" \/>\n\t<meta property=\"og:image:type\" content=\"image\/jpeg\" \/>\n<meta name=\"twitter:card\" content=\"summary_large_image\" \/>\n<meta name=\"twitter:label1\" content=\"Tiempo de lectura\" \/>\n\t<meta name=\"twitter:data1\" content=\"2 minutos\" \/>\n<script type=\"application\/ld+json\" class=\"yoast-schema-graph\">{\"@context\":\"https:\/\/schema.org\",\"@graph\":[{\"@type\":\"WebPage\",\"@id\":\"https:\/\/www.hotel-silhouette-biarritz.com\/es\/condiciones-generales-de-venta\/\",\"url\":\"https:\/\/www.hotel-silhouette-biarritz.com\/es\/condiciones-generales-de-venta\/\",\"name\":\"Condiciones generales de venta - Hotel de Silhouette Biarritz\",\"isPartOf\":{\"@id\":\"https:\/\/www.hotel-silhouette-biarritz.com\/es\/#website\"},\"datePublished\":\"2025-02-11T16:35:38+00:00\",\"dateModified\":\"2025-06-13T15:55:07+00:00\",\"description\":\"Hotel de Silhouette Biarritz TARIFAS Los precios son IVA incluido. Sin impuesto de estancia (3,74\u20ac por persona y noche). Tarjetas de cr\u00e9dito aceptadas:\",\"breadcrumb\":{\"@id\":\"https:\/\/www.hotel-silhouette-biarritz.com\/es\/condiciones-generales-de-venta\/#breadcrumb\"},\"inLanguage\":\"es\",\"potentialAction\":[{\"@type\":\"ReadAction\",\"target\":[\"https:\/\/www.hotel-silhouette-biarritz.com\/es\/condiciones-generales-de-venta\/\"]}]},{\"@type\":\"BreadcrumbList\",\"@id\":\"https:\/\/www.hotel-silhouette-biarritz.com\/es\/condiciones-generales-de-venta\/#breadcrumb\",\"itemListElement\":[{\"@type\":\"ListItem\",\"position\":1,\"name\":\"Accueil\",\"item\":\"https:\/\/www.hotel-silhouette-biarritz.com\/es\/\"},{\"@type\":\"ListItem\",\"position\":2,\"name\":\"Condiciones generales de venta\"}]},{\"@type\":\"WebSite\",\"@id\":\"https:\/\/www.hotel-silhouette-biarritz.com\/es\/#website\",\"url\":\"https:\/\/www.hotel-silhouette-biarritz.com\/es\/\",\"name\":\"Hotel de Silhouette Biarritz\",\"description\":\"\",\"publisher\":{\"@id\":\"https:\/\/www.hotel-silhouette-biarritz.com\/es\/#organization\"},\"potentialAction\":[{\"@type\":\"SearchAction\",\"target\":{\"@type\":\"EntryPoint\",\"urlTemplate\":\"https:\/\/www.hotel-silhouette-biarritz.com\/es\/?s={search_term_string}\"},\"query-input\":\"required name=search_term_string\"}],\"inLanguage\":\"es\"},{\"@type\":\"Organization\",\"@id\":\"https:\/\/www.hotel-silhouette-biarritz.com\/es\/#organization\",\"name\":\"Hotel de Silhouette Biarritz\",\"url\":\"https:\/\/www.hotel-silhouette-biarritz.com\/es\/\",\"logo\":{\"@type\":\"ImageObject\",\"inLanguage\":\"es\",\"@id\":\"https:\/\/www.hotel-silhouette-biarritz.com\/es\/#\/schema\/logo\/image\/\",\"url\":\"https:\/\/www.hotel-silhouette-biarritz.com\/wp-content\/uploads\/sites\/216\/2025\/05\/LOGO-MENU-1.png\",\"contentUrl\":\"https:\/\/www.hotel-silhouette-biarritz.com\/wp-content\/uploads\/sites\/216\/2025\/05\/LOGO-MENU-1.png\",\"width\":1404,\"height\":1800,\"caption\":\"Hotel de Silhouette Biarritz\"},\"image\":{\"@id\":\"https:\/\/www.hotel-silhouette-biarritz.com\/es\/#\/schema\/logo\/image\/\"},\"sameAs\":[\"https:\/\/www.facebook.com\/hoteldesilhouettebiarritz\/\",\"https:\/\/www.instagram.com\/hoteldesilhouettebiarritz\/\"]}]}<\/script>\n<!-- \/ Yoast SEO plugin. -->","yoast_head_json":{"title":"Condiciones generales de venta - Hotel de Silhouette Biarritz","description":"Hotel de Silhouette Biarritz TARIFAS Los precios son IVA incluido. Sin impuesto de estancia (3,74\u20ac por persona y noche). Tarjetas de cr\u00e9dito aceptadas:","robots":{"index":"index","follow":"follow","max-snippet":"max-snippet:-1","max-image-preview":"max-image-preview:large","max-video-preview":"max-video-preview:-1"},"canonical":"https:\/\/www.hotel-silhouette-biarritz.com\/es\/condiciones-generales-de-venta\/","og_locale":"es_ES","og_type":"article","og_title":"Condiciones generales de venta - Hotel de Silhouette Biarritz","og_description":"Hotel de Silhouette Biarritz TARIFAS Los precios son IVA incluido. Sin impuesto de estancia (3,74\u20ac por persona y noche). Tarjetas de cr\u00e9dito aceptadas:","og_url":"https:\/\/www.hotel-silhouette-biarritz.com\/es\/condiciones-generales-de-venta\/","og_site_name":"Hotel de Silhouette Biarritz","article_publisher":"https:\/\/www.facebook.com\/hoteldesilhouettebiarritz\/","article_modified_time":"2025-06-13T15:55:07+00:00","og_image":[{"width":2200,"height":1477,"url":"https:\/\/www.hotel-silhouette-biarritz.com\/wp-content\/uploads\/sites\/216\/2025\/05\/chambre-superieur.jpg","type":"image\/jpeg"}],"twitter_card":"summary_large_image","twitter_misc":{"Tiempo de lectura":"2 minutos"},"schema":{"@context":"https:\/\/schema.org","@graph":[{"@type":"WebPage","@id":"https:\/\/www.hotel-silhouette-biarritz.com\/es\/condiciones-generales-de-venta\/","url":"https:\/\/www.hotel-silhouette-biarritz.com\/es\/condiciones-generales-de-venta\/","name":"Condiciones generales de venta - Hotel de Silhouette Biarritz","isPartOf":{"@id":"https:\/\/www.hotel-silhouette-biarritz.com\/es\/#website"},"datePublished":"2025-02-11T16:35:38+00:00","dateModified":"2025-06-13T15:55:07+00:00","description":"Hotel de Silhouette Biarritz TARIFAS Los precios son IVA incluido. Sin impuesto de estancia (3,74\u20ac por persona y noche). Tarjetas de cr\u00e9dito aceptadas:","breadcrumb":{"@id":"https:\/\/www.hotel-silhouette-biarritz.com\/es\/condiciones-generales-de-venta\/#breadcrumb"},"inLanguage":"es","potentialAction":[{"@type":"ReadAction","target":["https:\/\/www.hotel-silhouette-biarritz.com\/es\/condiciones-generales-de-venta\/"]}]},{"@type":"BreadcrumbList","@id":"https:\/\/www.hotel-silhouette-biarritz.com\/es\/condiciones-generales-de-venta\/#breadcrumb","itemListElement":[{"@type":"ListItem","position":1,"name":"Accueil","item":"https:\/\/www.hotel-silhouette-biarritz.com\/es\/"},{"@type":"ListItem","position":2,"name":"Condiciones generales de venta"}]},{"@type":"WebSite","@id":"https:\/\/www.hotel-silhouette-biarritz.com\/es\/#website","url":"https:\/\/www.hotel-silhouette-biarritz.com\/es\/","name":"Hotel de Silhouette Biarritz","description":"","publisher":{"@id":"https:\/\/www.hotel-silhouette-biarritz.com\/es\/#organization"},"potentialAction":[{"@type":"SearchAction","target":{"@type":"EntryPoint","urlTemplate":"https:\/\/www.hotel-silhouette-biarritz.com\/es\/?s={search_term_string}"},"query-input":"required name=search_term_string"}],"inLanguage":"es"},{"@type":"Organization","@id":"https:\/\/www.hotel-silhouette-biarritz.com\/es\/#organization","name":"Hotel de Silhouette Biarritz","url":"https:\/\/www.hotel-silhouette-biarritz.com\/es\/","logo":{"@type":"ImageObject","inLanguage":"es","@id":"https:\/\/www.hotel-silhouette-biarritz.com\/es\/#\/schema\/logo\/image\/","url":"https:\/\/www.hotel-silhouette-biarritz.com\/wp-content\/uploads\/sites\/216\/2025\/05\/LOGO-MENU-1.png","contentUrl":"https:\/\/www.hotel-silhouette-biarritz.com\/wp-content\/uploads\/sites\/216\/2025\/05\/LOGO-MENU-1.png","width":1404,"height":1800,"caption":"Hotel de Silhouette Biarritz"},"image":{"@id":"https:\/\/www.hotel-silhouette-biarritz.com\/es\/#\/schema\/logo\/image\/"},"sameAs":["https:\/\/www.facebook.com\/hoteldesilhouettebiarritz\/","https:\/\/www.instagram.com\/hoteldesilhouettebiarritz\/"]}]}},"acf":[],"_links":{"self":[{"href":"https:\/\/www.hotel-silhouette-biarritz.com\/es\/wp-json\/wp\/v2\/pages\/232"}],"collection":[{"href":"https:\/\/www.hotel-silhouette-biarritz.com\/es\/wp-json\/wp\/v2\/pages"}],"about":[{"href":"https:\/\/www.hotel-silhouette-biarritz.com\/es\/wp-json\/wp\/v2\/types\/page"}],"author":[{"embeddable":true,"href":"https:\/\/www.hotel-silhouette-biarritz.com\/es\/wp-json\/wp\/v2\/users\/25"}],"replies":[{"embeddable":true,"href":"https:\/\/www.hotel-silhouette-biarritz.com\/es\/wp-json\/wp\/v2\/comments?post=232"}],"version-history":[{"count":0,"href":"https:\/\/www.hotel-silhouette-biarritz.com\/es\/wp-json\/wp\/v2\/pages\/232\/revisions"}],"wp:attachment":[{"href":"https:\/\/www.hotel-silhouette-biarritz.com\/es\/wp-json\/wp\/v2\/media?parent=232"}],"curies":[{"name":"wp","href":"https:\/\/api.w.org\/{rel}","templated":true}]}}